{"id":135,"date":"2024-07-09T07:53:52","date_gmt":"2024-07-09T07:53:52","guid":{"rendered":"https:\/\/prestataires.local\/add-listing\/"},"modified":"2024-07-19T15:46:54","modified_gmt":"2024-07-19T13:46:54","slug":"ajouter-une-activite","status":"publish","type":"page","link":"https:\/\/france-effect.com\/prestataires\/ajouter-une-activite\/","title":{"rendered":"Ajouter une activit\u00e9"},"content":{"rendered":"\t\t<div data-elementor-type=\"wp-page\" data-elementor-id=\"135\" class=\"elementor elementor-135\" data-elementor-post-type=\"page\">\n\t\t\t\t\t\t<section class=\"elementor-section elementor-top-section elementor-element elementor-element-ofbb32l elementor-section-height-min-height elementor-section-boxed elementor-section-height-default elementor-section-items-middle\" data-id=\"ofbb32l\" data-element_type=\"section\" data-settings=\"{&quot;background_background&quot;:&quot;classic&quot;}\">\n\t\t\t\t\t\t<div class=\"elementor-container elementor-column-gap-default\">\n\t\t\t\t\t<div class=\"elementor-column elementor-col-100 elementor-top-column elementor-element elementor-element-w5neot1\" data-id=\"w5neot1\" data-element_type=\"column\">\n\t\t\t<div class=\"elementor-widget-wrap elementor-element-populated\">\n\t\t\t\t\t\t<div class=\"elementor-element elementor-element-98caebe elementor-widget elementor-widget-heading\" data-id=\"98caebe\" data-element_type=\"widget\" data-widget_type=\"heading.default\">\n\t\t\t\t<div class=\"elementor-widget-container\">\n\t\t\t\t\t<h1 class=\"elementor-heading-title elementor-size-default\">Cr\u00e9er votre fiche<\/h1>\t\t\t\t<\/div>\n\t\t\t\t<\/div>\n\t\t\t\t<div class=\"elementor-element elementor-element-224cce8 elementor-widget elementor-widget-heading\" data-id=\"224cce8\" data-element_type=\"widget\" data-widget_type=\"heading.default\">\n\t\t\t\t<div class=\"elementor-widget-container\">\n\t\t\t\t\t<h2 class=\"elementor-heading-title elementor-size-default\">Quel type de fiche voulez-vous cr\u00e9er ?<\/h2>\t\t\t\t<\/div>\n\t\t\t\t<\/div>\n\t\t\t\t<div class=\"elementor-element elementor-element-fjzu802 elementor-widget elementor-widget-case27-add-listing-widget\" data-id=\"fjzu802\" data-element_type=\"widget\" data-widget_type=\"case27-add-listing-widget.default\">\n\t\t\t\t<div class=\"elementor-widget-container\">\n\t\t\t\t\t\r\n\t<style type=\"text\/css\">\r\n\t\t\/* Hide Elementor on Add-Listing form steps. The step contents are moved outside the Elementor container using JS. *\/\r\n\t\tbody:not(.elementor-editor-active) .elementor:not([data-elementor-type=header]):not([data-elementor-type=footer]) {\r\n\t\t    display: none;\r\n\t\t}\r\n\r\n\t\t\t<\/style>\r\n\t<script type=\"text\/javascript\">\r\n\t\t\/\/ Add body class to help target this screen via css.\r\n\t\tdocument.body.classList.add('add-listing-form');\r\n\t<\/script>\r\n\r\n\t<div class=\"add-listing-step\">\r\n\t\t\r\n\t\t\t\t<section class=\"i-section c27-packages\">\r\n\t\t\t<div class=\"container\">\r\n\t\t\t\t<div class=\"row section-title\">\r\n\t\t\t\t\t<h2 class=\"case27-primary-text\">Choisir un pack<\/h2>\r\n\t\t\t\t<\/div>\r\n\t\t\t\t<form method=\"post\" id=\"job_package_selection\">\r\n\t\t\t\t\t<div class=\"job_listing_packages\">\r\n\r\n\t\t\t\t\t\t\r\n<div class=\"row section-body row-eq-height\">\r\n\t\t\t<div class=\"col-md-4 col-sm-3 hidden-xs\"><\/div>\r\n\t\r\n\t\r\n\t\t<div class=\"col-md-4 col-sm-6 col-xs-12\">\r\n\t\t\t<div class=\"pricing-item c27-pick-package cts-pricing-item   \">\r\n\t\t\t\t\r\n\t\t\t\t<h2 class=\"plan-name\">Inscription Gratuite<\/h2>\r\n\r\n\t\t\t\t\r\n\t\t\t\t<h2 class=\"plan-price case27-primary-text\"><span class=\"woocommerce-Price-amount amount\"><bdi>0,00&nbsp;<span class=\"woocommerce-Price-currencySymbol\">&euro;<\/span><\/bdi><\/span><\/h2>\r\n\t\t\t\t<p class=\"plan-desc\"><\/p>\r\n\t\t\t\t<div class=\"plan-features\">\r\n\t\t\t\t\t\t\t\t\t\t\t\t\t\t\t\t\t\t\t\t<\/div>\r\n\t\t\t\t<div class=\"select-package\">\r\n\r\n\t\t\t\t\t\r\n\t\t\t\t\t\t\t\t\t\t\t\t\t\t\t\t\t\t<a class=\"select-plan buttons button-2 cts-trigger-buy-new\" href=\"#\">\r\n\t\t\t\t\t\t\t\tSouscrire au pack\t\t\t\t\t\t\t\t<i class=\"mi arrow_forward\"><\/i>\r\n\t\t\t\t\t\t\t<\/a>\r\n\t\t\t\t\t\t\t\t\t\t\t\r\n\t\t\t\t\t<input type=\"radio\" name=\"listing_package\" class=\"cts-buy-new hide\" value=\"171\" id=\"package-171\" \/>\r\n\t\t\t\t<\/div>\r\n\t\t\t<\/div>\r\n\t\t<\/div>\r\n\r\n\t\r\n<\/div>\r\n\r\n\t\t\t\t\t\t<div class=\"hidden\">\r\n\t\t\t\t\t\t\t<input type=\"hidden\" name=\"job_id\" value=\"0\">\r\n\t\t\t\t\t\t\t<input type=\"hidden\" name=\"step\" value=\"0\">\r\n\t\t\t\t\t\t\t<input type=\"hidden\" name=\"job_manager_form\" value=\"submit-listing\">\r\n\t\t\t\t\t\t\t\t\t\t\t\t\t\t\t<input type=\"hidden\" name=\"listing_type\" value=\"prestataire\">\r\n\t\t\t\t\t\t\t\t\t\t\t\t\t<\/div>\r\n\t\t\t\t\t<\/div>\r\n\t\t\t\t<\/form>\r\n\t\t\t<\/div>\r\n\t\t<\/section>\r\n\t\t\r\n\t\t\t<\/div>\r\n\r\n\t<script type=\"text\/javascript\">\r\n\t\t\/**\r\n\t\t * Add listing page - move step contents\r\n\t\t * outside of Elementor container.\r\n\t\t *\r\n\t\t * @since 2.0\r\n\t\t *\/\r\n\t\t(function() {\r\n\t\t\tvar step = jQuery('.add-listing-step');\r\n\t\t\tif ( ! step.length || jQuery('body').hasClass('elementor-editor-active') ) {\r\n\t\t\t\treturn;\r\n\t\t\t}\r\n\r\n\t\t\tstep.appendTo('#c27-site-wrapper');\r\n\r\n\t\t\t\/\/ Trigger resize event.\r\n\t\t\tvar evt = window.document.createEvent('UIEvents');\r\n\t\t\tevt.initUIEvent('resize', true, false, window, 0);\r\n\t\t\twindow.dispatchEvent(evt);\r\n\t\t})();\r\n\t<\/script>\r\n\r\n\t\t\t\t<\/div>\n\t\t\t\t<\/div>\n\t\t\t\t\t<\/div>\n\t\t<\/div>\n\t\t\t\t\t<\/div>\n\t\t<\/section>\n\t\t\t\t<\/div>\n\t\t","protected":false},"excerpt":{"rendered":"<p>Cr\u00e9er votre fiche Quel type de fiche voulez-vous cr\u00e9er ?<\/p>\n","protected":false},"author":1,"featured_media":0,"parent":0,"menu_order":0,"comment_status":"closed","ping_status":"closed","template":"","meta":{"footnotes":""},"class_list":["post-135","page","type-page","status-publish","hentry"],"yoast_head":"<!-- This site is optimized with the Yoast SEO plugin v25.7 - https:\/\/yoast.com\/wordpress\/plugins\/seo\/ -->\n<title>Ajouter une activit\u00e9 - France Effect Prestataires<\/title>\n<meta name=\"robots\" content=\"index, follow, max-snippet:-1, max-image-preview:large, max-video-preview:-1\" \/>\n<link rel=\"canonical\" href=\"https:\/\/france-effect.com\/prestataires\/ajouter-une-activite\/\" \/>\n<meta property=\"og:locale\" content=\"fr_FR\" \/>\n<meta property=\"og:type\" content=\"article\" \/>\n<meta property=\"og:title\" content=\"Ajouter une activit\u00e9 - France Effect Prestataires\" \/>\n<meta property=\"og:description\" content=\"Cr\u00e9er votre fiche Quel type de fiche voulez-vous cr\u00e9er ?\" \/>\n<meta property=\"og:url\" content=\"https:\/\/france-effect.com\/prestataires\/ajouter-une-activite\/\" \/>\n<meta property=\"og:site_name\" content=\"France Effect Prestataires\" \/>\n<meta property=\"article:modified_time\" content=\"2024-07-19T13:46:54+00:00\" \/>\n<meta name=\"twitter:card\" content=\"summary_large_image\" \/>\n<script type=\"application\/ld+json\" class=\"yoast-schema-graph\">{\"@context\":\"https:\/\/schema.org\",\"@graph\":[{\"@type\":\"WebPage\",\"@id\":\"https:\/\/france-effect.com\/prestataires\/ajouter-une-activite\/\",\"url\":\"https:\/\/france-effect.com\/prestataires\/ajouter-une-activite\/\",\"name\":\"Ajouter une activit\u00e9 - France Effect Prestataires\",\"isPartOf\":{\"@id\":\"https:\/\/france-effect.com\/prestataires\/#website\"},\"datePublished\":\"2024-07-09T07:53:52+00:00\",\"dateModified\":\"2024-07-19T13:46:54+00:00\",\"breadcrumb\":{\"@id\":\"https:\/\/france-effect.com\/prestataires\/ajouter-une-activite\/#breadcrumb\"},\"inLanguage\":\"fr-FR\",\"potentialAction\":[{\"@type\":\"ReadAction\",\"target\":[\"https:\/\/france-effect.com\/prestataires\/ajouter-une-activite\/\"]}]},{\"@type\":\"BreadcrumbList\",\"@id\":\"https:\/\/france-effect.com\/prestataires\/ajouter-une-activite\/#breadcrumb\",\"itemListElement\":[{\"@type\":\"ListItem\",\"position\":1,\"name\":\"Home\",\"item\":\"https:\/\/france-effect.com\/prestataires\/\"},{\"@type\":\"ListItem\",\"position\":2,\"name\":\"Ajouter une activit\u00e9\"}]},{\"@type\":\"WebSite\",\"@id\":\"https:\/\/france-effect.com\/prestataires\/#website\",\"url\":\"https:\/\/france-effect.com\/prestataires\/\",\"name\":\"France Effect Prestataires\",\"description\":\"\",\"publisher\":{\"@id\":\"https:\/\/france-effect.com\/prestataires\/#organization\"},\"potentialAction\":[{\"@type\":\"SearchAction\",\"target\":{\"@type\":\"EntryPoint\",\"urlTemplate\":\"https:\/\/france-effect.com\/prestataires\/?s={search_term_string}\"},\"query-input\":{\"@type\":\"PropertyValueSpecification\",\"valueRequired\":true,\"valueName\":\"search_term_string\"}}],\"inLanguage\":\"fr-FR\"},{\"@type\":\"Organization\",\"@id\":\"https:\/\/france-effect.com\/prestataires\/#organization\",\"name\":\"France Effect\",\"url\":\"https:\/\/france-effect.com\/prestataires\/\",\"logo\":{\"@type\":\"ImageObject\",\"inLanguage\":\"fr-FR\",\"@id\":\"https:\/\/france-effect.com\/prestataires\/#\/schema\/logo\/image\/\",\"url\":\"https:\/\/france-effect.com\/prestataires\/wp-content\/uploads\/2024\/07\/logo-fe-prstataires.svg\",\"contentUrl\":\"https:\/\/france-effect.com\/prestataires\/wp-content\/uploads\/2024\/07\/logo-fe-prstataires.svg\",\"width\":888,\"height\":404,\"caption\":\"France Effect\"},\"image\":{\"@id\":\"https:\/\/france-effect.com\/prestataires\/#\/schema\/logo\/image\/\"}}]}<\/script>\n<!-- \/ Yoast SEO plugin. -->","yoast_head_json":{"title":"Ajouter une activit\u00e9 - France Effect Prestataires","robots":{"index":"index","follow":"follow","max-snippet":"max-snippet:-1","max-image-preview":"max-image-preview:large","max-video-preview":"max-video-preview:-1"},"canonical":"https:\/\/france-effect.com\/prestataires\/ajouter-une-activite\/","og_locale":"fr_FR","og_type":"article","og_title":"Ajouter une activit\u00e9 - France Effect Prestataires","og_description":"Cr\u00e9er votre fiche Quel type de fiche voulez-vous cr\u00e9er ?","og_url":"https:\/\/france-effect.com\/prestataires\/ajouter-une-activite\/","og_site_name":"France Effect Prestataires","article_modified_time":"2024-07-19T13:46:54+00:00","twitter_card":"summary_large_image","schema":{"@context":"https:\/\/schema.org","@graph":[{"@type":"WebPage","@id":"https:\/\/france-effect.com\/prestataires\/ajouter-une-activite\/","url":"https:\/\/france-effect.com\/prestataires\/ajouter-une-activite\/","name":"Ajouter une activit\u00e9 - France Effect Prestataires","isPartOf":{"@id":"https:\/\/france-effect.com\/prestataires\/#website"},"datePublished":"2024-07-09T07:53:52+00:00","dateModified":"2024-07-19T13:46:54+00:00","breadcrumb":{"@id":"https:\/\/france-effect.com\/prestataires\/ajouter-une-activite\/#breadcrumb"},"inLanguage":"fr-FR","potentialAction":[{"@type":"ReadAction","target":["https:\/\/france-effect.com\/prestataires\/ajouter-une-activite\/"]}]},{"@type":"BreadcrumbList","@id":"https:\/\/france-effect.com\/prestataires\/ajouter-une-activite\/#breadcrumb","itemListElement":[{"@type":"ListItem","position":1,"name":"Home","item":"https:\/\/france-effect.com\/prestataires\/"},{"@type":"ListItem","position":2,"name":"Ajouter une activit\u00e9"}]},{"@type":"WebSite","@id":"https:\/\/france-effect.com\/prestataires\/#website","url":"https:\/\/france-effect.com\/prestataires\/","name":"France Effect Prestataires","description":"","publisher":{"@id":"https:\/\/france-effect.com\/prestataires\/#organization"},"potentialAction":[{"@type":"SearchAction","target":{"@type":"EntryPoint","urlTemplate":"https:\/\/france-effect.com\/prestataires\/?s={search_term_string}"},"query-input":{"@type":"PropertyValueSpecification","valueRequired":true,"valueName":"search_term_string"}}],"inLanguage":"fr-FR"},{"@type":"Organization","@id":"https:\/\/france-effect.com\/prestataires\/#organization","name":"France Effect","url":"https:\/\/france-effect.com\/prestataires\/","logo":{"@type":"ImageObject","inLanguage":"fr-FR","@id":"https:\/\/france-effect.com\/prestataires\/#\/schema\/logo\/image\/","url":"https:\/\/france-effect.com\/prestataires\/wp-content\/uploads\/2024\/07\/logo-fe-prstataires.svg","contentUrl":"https:\/\/france-effect.com\/prestataires\/wp-content\/uploads\/2024\/07\/logo-fe-prstataires.svg","width":888,"height":404,"caption":"France Effect"},"image":{"@id":"https:\/\/france-effect.com\/prestataires\/#\/schema\/logo\/image\/"}}]}},"acf":[],"_links":{"self":[{"href":"https:\/\/france-effect.com\/prestataires\/wp-json\/wp\/v2\/pages\/135","targetHints":{"allow":["GET"]}}],"collection":[{"href":"https:\/\/france-effect.com\/prestataires\/wp-json\/wp\/v2\/pages"}],"about":[{"href":"https:\/\/france-effect.com\/prestataires\/wp-json\/wp\/v2\/types\/page"}],"author":[{"embeddable":true,"href":"https:\/\/france-effect.com\/prestataires\/wp-json\/wp\/v2\/users\/1"}],"replies":[{"embeddable":true,"href":"https:\/\/france-effect.com\/prestataires\/wp-json\/wp\/v2\/comments?post=135"}],"version-history":[{"count":19,"href":"https:\/\/france-effect.com\/prestataires\/wp-json\/wp\/v2\/pages\/135\/revisions"}],"predecessor-version":[{"id":507,"href":"https:\/\/france-effect.com\/prestataires\/wp-json\/wp\/v2\/pages\/135\/revisions\/507"}],"wp:attachment":[{"href":"https:\/\/france-effect.com\/prestataires\/wp-json\/wp\/v2\/media?parent=135"}],"curies":[{"name":"wp","href":"https:\/\/api.w.org\/{rel}","templated":true}]}}